{"id":5391306,"date":"2026-04-20T22:22:28","date_gmt":"2026-04-20T20:22:28","guid":{"rendered":""},"modified":"2026-04-21T21:11:30","modified_gmt":"2026-04-21T19:11:30","slug":"canna-da-pesca-divisibile-18m-830810","status":"publish","type":"product","link":"https:\/\/gadgettravellers.eu\/it\/shop\/canna-da-pesca-divisibile-18m-830810\/","title":{"rendered":"Canna da pesca &#8211; Divisibile &#8211; 1,8m &#8211; 830810"},"content":{"rendered":"<p>Canna da pesca a due pezzi, in fibre rinforzate, armata con anelli guida e manico ergonomico di alta qualit\u00e0. <br \/>Lunghezza: 1,8 m.<br \/>Peso di lancio: 12-25 Lbs<\/p>\n<div class='aiseo-faq-section' style='margin-top:30px; border-top:1px solid #eee; padding-top:20px;'>\n<h3>Domande Frequenti<\/h3>\n<details style='margin-bottom:10px; padding:10px; background:#f9f9f9; border-radius:5px;'>\n<summary style='font-weight:bold; cursor:pointer;'>Qual \u00e8 la lunghezza della canna?<\/summary>\n<div style='margin-top:10px; color:#555;'>La lunghezza della canna \u00e8 di 1,8 metri.<\/div>\n<\/details>\n<details style='margin-bottom:10px; padding:10px; background:#f9f9f9; border-radius:5px;'>\n<summary style='font-weight:bold; cursor:pointer;'>Qual \u00e8 il peso di casting?<\/summary>\n<div style='margin-top:10px; color:#555;'>Il peso di lancio \u00e8 12\u201325 lbs.<\/div>\n<\/details>\n<details style='margin-bottom:10px; padding:10px; background:#f9f9f9; border-radius:5px;'>\n<summary style='font-weight:bold; cursor:pointer;'>Di che materiale \u00e8 fatto?<\/summary>\n<div style='margin-top:10px; color:#555;'>Realizzato con fibre rinforzate.<\/div>\n<\/details>\n<details style='margin-bottom:10px; padding:10px; background:#f9f9f9; border-radius:5px;'>\n<summary style='font-weight:bold; cursor:pointer;'>Ha guide e una maniglia ergonomica?<\/summary>\n<div style='margin-top:10px; color:#555;'>S\u00ec, \u00e8 dotato di guide e ha un&#8217;impugnatura ergonomica di alta qualit\u00e0.<\/div>\n<\/details>\n<\/div>\n","protected":false},"excerpt":{"rendered":"<p>Canna da pesca telescopica lunga 1,8 m, in fibre rinforzate con anelli guida e impugnatura ergonomica. Adatta per lanci da 12 a 25 lbs.<\/p>\n","protected":false},"featured_media":5390814,"comment_status":"open","ping_status":"open","template":"","meta":[],"product_brand":[],"product_cat":[196482,196483,197749,196342],"product_tag":[259142,134775,259143],"class_list":{"0":"post-5391306","1":"product","2":"type-product","3":"status-publish","4":"has-post-thumbnail","6":"product_cat-canne-da-casting","7":"product_cat-canne-da-pesca","8":"product_cat-canne-doppie","9":"product_cat-tipi-di-pesca","10":"product_tag-1-8-m","11":"product_tag-casting","12":"product_tag-casting-12-25-lbs","14":"first","15":"onbackorder","16":"purchasable","17":"product-type-simple"},"jetpack_sharing_enabled":true,"_links":{"self":[{"href":"https:\/\/gadgettravellers.eu\/it\/wp-json\/wp\/v2\/product\/5391306","targetHints":{"allow":["GET"]}}],"collection":[{"href":"https:\/\/gadgettravellers.eu\/it\/wp-json\/wp\/v2\/product"}],"about":[{"href":"https:\/\/gadgettravellers.eu\/it\/wp-json\/wp\/v2\/types\/product"}],"replies":[{"embeddable":true,"href":"https:\/\/gadgettravellers.eu\/it\/wp-json\/wp\/v2\/comments?post=5391306"}],"wp:featuredmedia":[{"embeddable":true,"href":"https:\/\/gadgettravellers.eu\/it\/wp-json\/wp\/v2\/media\/5390814"}],"wp:attachment":[{"href":"https:\/\/gadgettravellers.eu\/it\/wp-json\/wp\/v2\/media?parent=5391306"}],"wp:term":[{"taxonomy":"product_brand","embeddable":true,"href":"https:\/\/gadgettravellers.eu\/it\/wp-json\/wp\/v2\/product_brand?post=5391306"},{"taxonomy":"product_cat","embeddable":true,"href":"https:\/\/gadgettravellers.eu\/it\/wp-json\/wp\/v2\/product_cat?post=5391306"},{"taxonomy":"product_tag","embeddable":true,"href":"https:\/\/gadgettravellers.eu\/it\/wp-json\/wp\/v2\/product_tag?post=5391306"}],"curies":[{"name":"wp","href":"https:\/\/api.w.org\/{rel}","templated":true}]}}