{"id":5391307,"date":"2026-04-20T22:22:29","date_gmt":"2026-04-20T20:22:29","guid":{"rendered":""},"modified":"2026-04-20T22:22:29","modified_gmt":"2026-04-20T20:22:29","slug":"canna-da-pesca-telescopica-2-7m-830980","status":"publish","type":"product","link":"https:\/\/gadgettravellers.eu\/it\/shop\/canna-da-pesca-telescopica-2-7m-830980\/","title":{"rendered":"Canna da pesca &#8211; Telescopica &#8211; 2.7m &#8211; 830980"},"content":{"rendered":"<p>Canna da pesca, telescopica, realizzata con fibre rinforzate ad alta resistenza, equipaggiata con guide e impugnatura ergonomica di alta qualit\u00e0. Lunghezza: 2,7 m<\/p>\n<div class='aiseo-faq-section' style='margin-top:30px; border-top:1px solid #eee; padding-top:20px;'>\n<h3>Domande Frequenti<\/h3>\n<details style='margin-bottom:10px; padding:10px; background:#f9f9f9; border-radius:5px;'>\n<summary style='font-weight:bold; cursor:pointer;'>Qual \u00e8 la lunghezza della canna?<\/summary>\n<div style='margin-top:10px; color:#555;'>La lunghezza \u00e8 di 2,7 metri.<\/div>\n<\/details>\n<details style='margin-bottom:10px; padding:10px; background:#f9f9f9; border-radius:5px;'>\n<summary style='font-weight:bold; cursor:pointer;'>Di che materiale \u00e8 fatto?<\/summary>\n<div style='margin-top:10px; color:#555;'>Realizzato con fibre rinforzate ad alta resistenza.<\/div>\n<\/details>\n<details style='margin-bottom:10px; padding:10px; background:#f9f9f9; border-radius:5px;'>\n<summary style='font-weight:bold; cursor:pointer;'>\u00c8 telescopico?<\/summary>\n<div style='margin-top:10px; color:#555;'>S\u00ec, \u00e8 una canna telescopica.<\/div>\n<\/details>\n<details style='margin-bottom:10px; padding:10px; background:#f9f9f9; border-radius:5px;'>\n<summary style='font-weight:bold; cursor:pointer;'>Ha guide e che tipo di manico ha?<\/summary>\n<div style='margin-top:10px; color:#555;'>S\u00ec, \u00e8 dotato di guide e dispone di un&#8217;impugnatura ergonomica di alta qualit\u00e0.<\/div>\n<\/details>\n<\/div>\n","protected":false},"excerpt":{"rendered":"<p>Canna da pesca telescopica di lunghezza 2,7 m, realizzata con fibre rinforzate ad alta resistenza con anelli guida e impugnatura ergonomica per una presa confortevole.<\/p>\n","protected":false},"featured_media":5390807,"comment_status":"open","ping_status":"open","template":"","meta":[],"product_brand":[],"product_cat":[259246,196483,196730,196342],"product_tag":[184086],"class_list":{"0":"post-5391307","1":"product","2":"type-product","3":"status-publish","4":"has-post-thumbnail","6":"product_cat-canna-in-fibra-composita","7":"product_cat-canne-da-pesca","8":"product_cat-canne-da-pesca-telescopiche","9":"product_cat-tipi-di-pesca","10":"product_tag-2-7m","12":"first","13":"onbackorder","14":"purchasable","15":"product-type-simple"},"jetpack_sharing_enabled":true,"_links":{"self":[{"href":"https:\/\/gadgettravellers.eu\/it\/wp-json\/wp\/v2\/product\/5391307","targetHints":{"allow":["GET"]}}],"collection":[{"href":"https:\/\/gadgettravellers.eu\/it\/wp-json\/wp\/v2\/product"}],"about":[{"href":"https:\/\/gadgettravellers.eu\/it\/wp-json\/wp\/v2\/types\/product"}],"replies":[{"embeddable":true,"href":"https:\/\/gadgettravellers.eu\/it\/wp-json\/wp\/v2\/comments?post=5391307"}],"wp:featuredmedia":[{"embeddable":true,"href":"https:\/\/gadgettravellers.eu\/it\/wp-json\/wp\/v2\/media\/5390807"}],"wp:attachment":[{"href":"https:\/\/gadgettravellers.eu\/it\/wp-json\/wp\/v2\/media?parent=5391307"}],"wp:term":[{"taxonomy":"product_brand","embeddable":true,"href":"https:\/\/gadgettravellers.eu\/it\/wp-json\/wp\/v2\/product_brand?post=5391307"},{"taxonomy":"product_cat","embeddable":true,"href":"https:\/\/gadgettravellers.eu\/it\/wp-json\/wp\/v2\/product_cat?post=5391307"},{"taxonomy":"product_tag","embeddable":true,"href":"https:\/\/gadgettravellers.eu\/it\/wp-json\/wp\/v2\/product_tag?post=5391307"}],"curies":[{"name":"wp","href":"https:\/\/api.w.org\/{rel}","templated":true}]}}