{"id":5391461,"date":"2026-04-20T22:23:50","date_gmt":"2026-04-20T20:23:50","guid":{"rendered":""},"modified":"2026-04-20T22:23:50","modified_gmt":"2026-04-20T20:23:50","slug":"orologio-da-polso-digitale-wf187-lasika-115140-verde-menta","status":"publish","type":"product","link":"https:\/\/gadgettravellers.eu\/it\/shop\/orologio-da-polso-digitale-wf187-lasika-115140-verde-menta\/","title":{"rendered":"Orologio da polso digitale &#8211; WF187 &#8211; Lasika &#8211; 115140 &#8211; Verde menta"},"content":{"rendered":"<p>Orologio digitale da polso unisex, dal design sportivo moderno che si adatta a ogni stile e umore. Costruzione resistente, con cinturino morbido e flessibile per una vestibilit\u00e0 confortevole. Resistenza all&#8217;umidit\u00e0, coperchio della batteria in acciaio inossidabile, retroilluminazione, funzioni base: data, ora 12\/24h, allarme, larghezza quadrante: 32mm.<\/p>\n<div class='aiseo-faq-section' style='margin-top:30px; border-top:1px solid #eee; padding-top:20px;'>\n<h3>Domande Frequenti<\/h3>\n<details style='margin-bottom:10px; padding:10px; background:#f9f9f9; border-radius:5px;'>\n<summary style='font-weight:bold; cursor:pointer;'>Qual \u00e8 la dimensione del quadrante?<\/summary>\n<div style='margin-top:10px; color:#555;'>La larghezza del quadrante \u00e8 di 32mm.<\/div>\n<\/details>\n<details style='margin-bottom:10px; padding:10px; background:#f9f9f9; border-radius:5px;'>\n<summary style='font-weight:bold; cursor:pointer;'>Ha un&#8217;illuminazione per la lettura notturna?<\/summary>\n<div style='margin-top:10px; color:#555;'>S\u00ec, ha retroilluminazione (backlight) per la lettura in condizioni di scarsa illuminazione.<\/div>\n<\/details>\n<details style='margin-bottom:10px; padding:10px; background:#f9f9f9; border-radius:5px;'>\n<summary style='font-weight:bold; cursor:pointer;'>Quali sono le funzioni principali dell&#8217;orologio?<\/summary>\n<div style='margin-top:10px; color:#555;'>Fornisce data, opzione orario 12\/24h e sveglia.<\/div>\n<\/details>\n<details style='margin-bottom:10px; padding:10px; background:#f9f9f9; border-radius:5px;'>\n<summary style='font-weight:bold; cursor:pointer;'>\u00c8 adatto per l&#8217;uso in condizioni di umidit\u00e0?<\/summary>\n<div style='margin-top:10px; color:#555;'>S\u00ec, \u00e8 resistente all&#8217;umidit\u00e0, ma non si parla di impermeabilizzazione completa.<\/div>\n<\/details>\n<\/div>\n","protected":false},"excerpt":{"rendered":"<p>Orologio digitale unisex Lasika WF187 in verde menta con design sportivo e quadrante da 32mm, ideale per l&#8217;uso quotidiano. Dispone di retroilluminazione, data, opzione 12\/24h, sveglia e resistenza all&#8217;umidit\u00e0.<\/p>\n","protected":false},"featured_media":5391113,"comment_status":"open","ping_status":"open","template":"","meta":[],"product_brand":[],"product_cat":[196880,196978,196979,196983,203978],"product_tag":[119365,122141,180877],"class_list":{"0":"post-5391461","1":"product","2":"type-product","3":"status-publish","4":"has-post-thumbnail","6":"product_cat-orologi","7":"product_cat-orologi-da-polso","8":"product_cat-orologi-da-polso-digitali","9":"product_cat-orologi-sportivi","10":"product_cat-orologi-unisex","11":"product_tag-12-24h","12":"product_tag-32mm","13":"product_tag-unisex","15":"first","16":"onbackorder","17":"purchasable","18":"product-type-simple"},"jetpack_sharing_enabled":true,"_links":{"self":[{"href":"https:\/\/gadgettravellers.eu\/it\/wp-json\/wp\/v2\/product\/5391461","targetHints":{"allow":["GET"]}}],"collection":[{"href":"https:\/\/gadgettravellers.eu\/it\/wp-json\/wp\/v2\/product"}],"about":[{"href":"https:\/\/gadgettravellers.eu\/it\/wp-json\/wp\/v2\/types\/product"}],"replies":[{"embeddable":true,"href":"https:\/\/gadgettravellers.eu\/it\/wp-json\/wp\/v2\/comments?post=5391461"}],"wp:featuredmedia":[{"embeddable":true,"href":"https:\/\/gadgettravellers.eu\/it\/wp-json\/wp\/v2\/media\/5391113"}],"wp:attachment":[{"href":"https:\/\/gadgettravellers.eu\/it\/wp-json\/wp\/v2\/media?parent=5391461"}],"wp:term":[{"taxonomy":"product_brand","embeddable":true,"href":"https:\/\/gadgettravellers.eu\/it\/wp-json\/wp\/v2\/product_brand?post=5391461"},{"taxonomy":"product_cat","embeddable":true,"href":"https:\/\/gadgettravellers.eu\/it\/wp-json\/wp\/v2\/product_cat?post=5391461"},{"taxonomy":"product_tag","embeddable":true,"href":"https:\/\/gadgettravellers.eu\/it\/wp-json\/wp\/v2\/product_tag?post=5391461"}],"curies":[{"name":"wp","href":"https:\/\/api.w.org\/{rel}","templated":true}]}}