{"id":5391522,"date":"2026-04-20T22:24:22","date_gmt":"2026-04-20T20:24:22","guid":{"rendered":""},"modified":"2026-04-22T22:28:43","modified_gmt":"2026-04-22T20:28:43","slug":"orologio-da-polso-digitale-wf176-lasika-115153-rosa-chiaro","status":"publish","type":"product","link":"https:\/\/gadgettravellers.eu\/it\/shop\/orologio-da-polso-digitale-wf176-lasika-115153-rosa-chiaro\/","title":{"rendered":"Orologio da polso digitale &#8211; WF176 &#8211; Lasika &#8211; 115153 &#8211; Rosa chiaro"},"content":{"rendered":"<p>Orologio digitale da polso unisex, dal design sportivo moderno che si adatta a ogni stile e umore. <br \/>Costruzione resistente, con cinturino morbido e flessibile per una vestibilit\u00e0 confortevole. Resistenza all&#8217;umidit\u00e0, <br \/>Coperchio della batteria in acciaio inossidabile, <br \/>Retroilluminazione, <br \/>Funzioni base: Data, Ora 12\/24h, Sveglia, <br \/>Diametro: 45mm.<\/p>\n<div class='aiseo-faq-section' style='margin-top:30px; border-top:1px solid #eee; padding-top:20px;'>\n<h3>Domande Frequenti<\/h3>\n<details style='margin-bottom:10px; padding:10px; background:#f9f9f9; border-radius:5px;'>\n<summary style='font-weight:bold; cursor:pointer;'>L&#8217;orologio \u00e8 adatto per uomini e donne?<\/summary>\n<div style='margin-top:10px; color:#555;'>S\u00ec, \u00e8 unisex e progettato per adattarsi a ogni stile.<\/div>\n<\/details>\n<details style='margin-bottom:10px; padding:10px; background:#f9f9f9; border-radius:5px;'>\n<summary style='font-weight:bold; cursor:pointer;'>Quali funzioni offre?<\/summary>\n<div style='margin-top:10px; color:#555;'>Fornisce data, indicazione oraria 12\/24h, sveglia e retroilluminazione.<\/div>\n<\/details>\n<details style='margin-bottom:10px; padding:10px; background:#f9f9f9; border-radius:5px;'>\n<summary style='font-weight:bold; cursor:pointer;'>Qual \u00e8 il diametro della cassa?<\/summary>\n<div style='margin-top:10px; color:#555;'>Il diametro della cassa \u00e8 di 45 mm.<\/div>\n<\/details>\n<details style='margin-bottom:10px; padding:10px; background:#f9f9f9; border-radius:5px;'>\n<summary style='font-weight:bold; cursor:pointer;'>Di che materiale \u00e8 il coperchio della batteria?<\/summary>\n<div style='margin-top:10px; color:#555;'>Il coperchio della batteria \u00e8 in acciaio inossidabile.<\/div>\n<\/details>\n<details style='margin-bottom:10px; padding:10px; background:#f9f9f9; border-radius:5px;'>\n<summary style='font-weight:bold; cursor:pointer;'>Il cinturino \u00e8 comodo per l&#8217;uso quotidiano?<\/summary>\n<div style='margin-top:10px; color:#555;'>S\u00ec, il cinturino \u00e8 morbido e flessibile per una vestibilit\u00e0 comoda.<\/div>\n<\/details>\n<\/div>\n","protected":false},"excerpt":{"rendered":"<p>Orologio digitale unisex dal design sportivo con cinturino morbido e flessibile e resistenza all&#8217;umidit\u00e0. Dispone di retroilluminazione, data, indicazione 12\/24h e sveglia \u2014 diametro della cassa 45mm.<\/p>\n","protected":false},"featured_media":5391231,"comment_status":"open","ping_status":"open","template":"","meta":[],"product_brand":[],"product_cat":[196880,196978,196979,196982,196983,203978],"product_tag":[218900,180877],"class_list":{"0":"post-5391522","1":"product","2":"type-product","3":"status-publish","4":"has-post-thumbnail","6":"product_cat-orologi","7":"product_cat-orologi-da-polso","8":"product_cat-orologi-da-polso-digitali","9":"product_cat-orologi-digitali","10":"product_cat-orologi-sportivi","11":"product_cat-orologi-unisex","12":"product_tag-12-24","13":"product_tag-unisex","15":"first","16":"onbackorder","17":"purchasable","18":"product-type-simple"},"jetpack_sharing_enabled":true,"_links":{"self":[{"href":"https:\/\/gadgettravellers.eu\/it\/wp-json\/wp\/v2\/product\/5391522","targetHints":{"allow":["GET"]}}],"collection":[{"href":"https:\/\/gadgettravellers.eu\/it\/wp-json\/wp\/v2\/product"}],"about":[{"href":"https:\/\/gadgettravellers.eu\/it\/wp-json\/wp\/v2\/types\/product"}],"replies":[{"embeddable":true,"href":"https:\/\/gadgettravellers.eu\/it\/wp-json\/wp\/v2\/comments?post=5391522"}],"wp:featuredmedia":[{"embeddable":true,"href":"https:\/\/gadgettravellers.eu\/it\/wp-json\/wp\/v2\/media\/5391231"}],"wp:attachment":[{"href":"https:\/\/gadgettravellers.eu\/it\/wp-json\/wp\/v2\/media?parent=5391522"}],"wp:term":[{"taxonomy":"product_brand","embeddable":true,"href":"https:\/\/gadgettravellers.eu\/it\/wp-json\/wp\/v2\/product_brand?post=5391522"},{"taxonomy":"product_cat","embeddable":true,"href":"https:\/\/gadgettravellers.eu\/it\/wp-json\/wp\/v2\/product_cat?post=5391522"},{"taxonomy":"product_tag","embeddable":true,"href":"https:\/\/gadgettravellers.eu\/it\/wp-json\/wp\/v2\/product_tag?post=5391522"}],"curies":[{"name":"wp","href":"https:\/\/api.w.org\/{rel}","templated":true}]}}