{"id":5392103,"date":"2026-04-20T23:14:45","date_gmt":"2026-04-20T21:14:45","guid":{"rendered":""},"modified":"2026-04-22T23:18:56","modified_gmt":"2026-04-22T21:18:56","slug":"ruota-con-palla-35x14x9cm-toymarkt-941139","status":"publish","type":"product","link":"https:\/\/gadgettravellers.eu\/it\/shop\/ruota-con-palla-35x14x9cm-toymarkt-941139\/","title":{"rendered":"Ruota con Palla 35x14x9cm ToyMarkt 941139"},"content":{"rendered":"<p>Ruota con palla di dimensioni 35x14x9 cm, progettata per il gioco e le attivit\u00e0 di mobilit\u00e0. Il prodotto favorisce il coordinamento dei movimenti e l&#8217;esercizio delle abilit\u00e0 di manipolazione, mentre le sue dimensioni lo rendono adatto all&#8217;uso nel gioco o in attivit\u00e0 educative.<\/p>\n<div class='aiseo-faq-section' style='margin-top:30px; border-top:1px solid #eee; padding-top:20px;'>\n<h3>Domande Frequenti<\/h3>\n<details style='margin-bottom:10px; padding:10px; background:#f9f9f9; border-radius:5px;'>\n<summary style='font-weight:bold; cursor:pointer;'>Quali sono le dimensioni del prodotto?<\/summary>\n<div style='margin-top:10px; color:#555;'>Le dimensioni sono 35x14x9 cm.<\/div>\n<\/details>\n<details style='margin-bottom:10px; padding:10px; background:#f9f9f9; border-radius:5px;'>\n<summary style='font-weight:bold; cursor:pointer;'>Qual \u00e8 il nome completo e il codice del prodotto?<\/summary>\n<div style='margin-top:10px; color:#555;'>Ruota con Palla ToyMarkt 941139.<\/div>\n<\/details>\n<details style='margin-bottom:10px; padding:10px; background:#f9f9f9; border-radius:5px;'>\n<summary style='font-weight:bold; cursor:pointer;'>Che tipo di prodotto \u00e8 questo?<\/summary>\n<div style='margin-top:10px; color:#555;'>Si tratta di una ruota con palla per gioco e attivit\u00e0 di mobilit\u00e0.<\/div>\n<\/details>\n<details style='margin-bottom:10px; padding:10px; background:#f9f9f9; border-radius:5px;'>\n<summary style='font-weight:bold; cursor:pointer;'>C&#8217;era una breve descrizione disponibile nel comunicato originale del prodotto?<\/summary>\n<div style='margin-top:10px; color:#555;'>Nel bollettino fornito si afferma che la descrizione breve manca.<\/div>\n<\/details>\n<\/div>\n","protected":false},"excerpt":{"rendered":"<p>Ruota con palla, dimensioni 35x14x9 cm, per gioco e allenamento delle abilit\u00e0 motorie. Adatta per attivit\u00e0 di coordinazione e movimento.<\/p>\n","protected":false},"featured_media":5028890,"comment_status":"open","ping_status":"open","template":"","meta":[],"product_brand":[],"product_cat":[205546,196284,199297,250476,259792,199672],"product_tag":[259439],"class_list":{"0":"post-5392103","1":"product","2":"type-product","3":"status-publish","4":"has-post-thumbnail","6":"product_cat-bambino","7":"product_cat-giochi","8":"product_cat-giochi-di-abilita","9":"product_cat-giochi-di-attivita","10":"product_cat-giochi-di-scorrimento","11":"product_cat-giochi-per-neonati","12":"product_tag-35x14x9","14":"first","15":"onbackorder","16":"purchasable","17":"product-type-simple"},"jetpack_sharing_enabled":true,"_links":{"self":[{"href":"https:\/\/gadgettravellers.eu\/it\/wp-json\/wp\/v2\/product\/5392103","targetHints":{"allow":["GET"]}}],"collection":[{"href":"https:\/\/gadgettravellers.eu\/it\/wp-json\/wp\/v2\/product"}],"about":[{"href":"https:\/\/gadgettravellers.eu\/it\/wp-json\/wp\/v2\/types\/product"}],"replies":[{"embeddable":true,"href":"https:\/\/gadgettravellers.eu\/it\/wp-json\/wp\/v2\/comments?post=5392103"}],"wp:featuredmedia":[{"embeddable":true,"href":"https:\/\/gadgettravellers.eu\/it\/wp-json\/wp\/v2\/media\/5028890"}],"wp:attachment":[{"href":"https:\/\/gadgettravellers.eu\/it\/wp-json\/wp\/v2\/media?parent=5392103"}],"wp:term":[{"taxonomy":"product_brand","embeddable":true,"href":"https:\/\/gadgettravellers.eu\/it\/wp-json\/wp\/v2\/product_brand?post=5392103"},{"taxonomy":"product_cat","embeddable":true,"href":"https:\/\/gadgettravellers.eu\/it\/wp-json\/wp\/v2\/product_cat?post=5392103"},{"taxonomy":"product_tag","embeddable":true,"href":"https:\/\/gadgettravellers.eu\/it\/wp-json\/wp\/v2\/product_tag?post=5392103"}],"curies":[{"name":"wp","href":"https:\/\/api.w.org\/{rel}","templated":true}]}}