{"id":5392518,"date":"2026-04-22T22:29:17","date_gmt":"2026-04-22T20:29:17","guid":{"rendered":""},"modified":"2026-04-22T22:29:19","modified_gmt":"2026-04-22T20:29:19","slug":"maschera-subacquea-per-bambini-9937tta-127123","status":"publish","type":"product","link":"https:\/\/gadgettravellers.eu\/it\/shop\/maschera-subacquea-per-bambini-9937tta-127123\/","title":{"rendered":"Maschera subacquea per bambini &#8211; 9937TTA &#8211; 127123"},"content":{"rendered":"<p>Maschera da mare per bambini in plastica, con copertura completa del naso, con silicone ipoallergenico morbido tutto intorno e cinturino regolabile per la testa per una vestibilit\u00e0 comoda, stabile e assolutamente impermeabile.<\/p>\n<p><strong>*Disponibile nei colori: Arancione, Blu, Rosso, Giallo\/blu<\/strong> &#8211;<br \/>Indicare il colore preferito nelle note dell&#8217;ordine &#8211; Spedizione soggetta a disponibilit\u00e0.<\/p>\n<div class='aiseo-faq-section' style='margin-top:30px; border-top:1px solid #eee; padding-top:20px;'>\n<h3>Domande Frequenti<\/h3>\n<details style='margin-bottom:10px; padding:10px; background:#f9f9f9; border-radius:5px;'>\n<summary style='font-weight:bold; cursor:pointer;'>Di quali materiali \u00e8 fatta la maschera?<\/summary>\n<div style='margin-top:10px; color:#555;'>\u00c8 in plastica con silicone ipoallergenico morbido lungo il perimetro.<\/div>\n<\/details>\n<details style='margin-bottom:10px; padding:10px; background:#f9f9f9; border-radius:5px;'>\n<summary style='font-weight:bold; cursor:pointer;'>\u00c8 adatto per i bambini?<\/summary>\n<div style='margin-top:10px; color:#555;'>S\u00ec, \u00e8 una maschera per bambini con cinturino regolabile per una vestibilit\u00e0 comoda e stabile.<\/div>\n<\/details>\n<details style='margin-bottom:10px; padding:10px; background:#f9f9f9; border-radius:5px;'>\n<summary style='font-weight:bold; cursor:pointer;'>Quali colori sono disponibili e come posso indicare la mia preferenza?<\/summary>\n<div style='margin-top:10px; color:#555;'>Colori disponibili: Arancione, Blu, Rosso, Giallo\/blu \u2014 indicare il colore nelle note dell&#8217;ordine.<\/div>\n<\/details>\n<details style='margin-bottom:10px; padding:10px; background:#f9f9f9; border-radius:5px;'>\n<summary style='font-weight:bold; cursor:pointer;'>La maschera \u00e8 ermetica?<\/summary>\n<div style='margin-top:10px; color:#555;'>S\u00ec, il design insieme al silicone morbido garantiscono una tenuta assoluta.<\/div>\n<\/details>\n<details style='margin-bottom:10px; padding:10px; background:#f9f9f9; border-radius:5px;'>\n<summary style='font-weight:bold; cursor:pointer;'>Cosa significa \u00abspedizione in base alla disponibilit\u00e0\u00bb?<\/summary>\n<div style='margin-top:10px; color:#555;'>Significa che l&#8217;ordine viene spedito in base alla disponibilit\u00e0 dei colori.<\/div>\n<\/details>\n<\/div>\n","protected":false},"excerpt":{"rendered":"<p>Maschera subacquea in plastica per bambini con copertura completa del naso, silicone ipoallergenico morbido lungo il perimetro e cinturino regolabile per una vestibilit\u00e0 comoda e impermeabile. Colori disponibili: Arancione, Blu, Rosso, Giallo\/blu \u2014 segn<\/p>\n","protected":false},"featured_media":5392407,"comment_status":"closed","ping_status":"open","template":"","meta":[],"product_brand":[],"product_cat":[251888,196776,253149,256776,203823,196541],"product_tag":[121417,175155],"class_list":{"0":"post-5392518","1":"product","2":"type-product","3":"status-publish","4":"has-post-thumbnail","6":"product_cat-attrezzatura-da-nuoto-per-bambini","7":"product_cat-caccia-spiaggia-campeggio","8":"product_cat-maschere-da-immersione","9":"product_cat-maschere-da-snorkeling-per-bambini","10":"product_cat-salvagenti-accessori-per-il-mare","11":"product_cat-stagionale-turistico-hobby","12":"product_tag-camping","13":"product_tag-hobby","15":"first","16":"onbackorder","17":"purchasable","18":"product-type-simple"},"jetpack_sharing_enabled":true,"_links":{"self":[{"href":"https:\/\/gadgettravellers.eu\/it\/wp-json\/wp\/v2\/product\/5392518","targetHints":{"allow":["GET"]}}],"collection":[{"href":"https:\/\/gadgettravellers.eu\/it\/wp-json\/wp\/v2\/product"}],"about":[{"href":"https:\/\/gadgettravellers.eu\/it\/wp-json\/wp\/v2\/types\/product"}],"replies":[{"embeddable":true,"href":"https:\/\/gadgettravellers.eu\/it\/wp-json\/wp\/v2\/comments?post=5392518"}],"wp:featuredmedia":[{"embeddable":true,"href":"https:\/\/gadgettravellers.eu\/it\/wp-json\/wp\/v2\/media\/5392407"}],"wp:attachment":[{"href":"https:\/\/gadgettravellers.eu\/it\/wp-json\/wp\/v2\/media?parent=5392518"}],"wp:term":[{"taxonomy":"product_brand","embeddable":true,"href":"https:\/\/gadgettravellers.eu\/it\/wp-json\/wp\/v2\/product_brand?post=5392518"},{"taxonomy":"product_cat","embeddable":true,"href":"https:\/\/gadgettravellers.eu\/it\/wp-json\/wp\/v2\/product_cat?post=5392518"},{"taxonomy":"product_tag","embeddable":true,"href":"https:\/\/gadgettravellers.eu\/it\/wp-json\/wp\/v2\/product_tag?post=5392518"}],"curies":[{"name":"wp","href":"https:\/\/api.w.org\/{rel}","templated":true}]}}