{"id":5393011,"date":"2026-04-22T23:20:44","date_gmt":"2026-04-22T21:20:44","guid":{"rendered":""},"modified":"2026-05-05T06:24:15","modified_gmt":"2026-05-05T04:24:15","slug":"set-15-insetti-20x17cm-toymarkt-913541","status":"publish","type":"product","link":"https:\/\/gadgettravellers.eu\/it\/shop\/set-15-insetti-20x17cm-toymarkt-913541\/","title":{"rendered":"Set 15 Insetti 20x17cm ToyMarkt 913541"},"content":{"rendered":"<p>Set di 15 figure di insetti di dimensioni 20&#215;17 cm, ideale per giochi educativi di osservazione e rappresentazione teatrale. Il set offre una variet\u00e0 di forme di insetti che aiutano nel riconoscimento delle specie e nello sviluppo della motricit\u00e0 fine nei bambini. Adatto per attivit\u00e0 scolastiche, gioco a casa e lezioni tematiche sulla natura.<\/p>\n<div class='aiseo-faq-section' style='margin-top:30px; border-top:1px solid #eee; padding-top:20px;'>\n<h3>Domande Frequenti<\/h3>\n<details style='margin-bottom:10px; padding:10px; background:#f9f9f9; border-radius:5px;'>\n<summary style='font-weight:bold; cursor:pointer;'>Quanti insetti include il set?<\/summary>\n<div style='margin-top:10px; color:#555;'>Il set include 15 figure di insetti.<\/div>\n<\/details>\n<details style='margin-bottom:10px; padding:10px; background:#f9f9f9; border-radius:5px;'>\n<summary style='font-weight:bold; cursor:pointer;'>Qual \u00e8 la dimensione del prodotto?<\/summary>\n<div style='margin-top:10px; color:#555;'>La dimensione indicata \u00e8 20&#215;17 cm.<\/div>\n<\/details>\n<details style='margin-bottom:10px; padding:10px; background:#f9f9f9; border-radius:5px;'>\n<summary style='font-weight:bold; cursor:pointer;'>Qual \u00e8 il nome\/modello completo del prodotto?<\/summary>\n<div style='margin-top:10px; color:#555;'>Il prodotto appare come &#8220;Set 15 Insetti ToyMarkt 913541&#8221;.<\/div>\n<\/details>\n<\/div>\n","protected":false},"excerpt":{"rendered":"<p>Set di 15 figure di insetti con dimensioni 20&#215;17 cm, adatto per l&#8217;osservazione educativa e il gioco di ruolo. Rafforzamento del riconoscimento della natura e della motricit\u00e0 fine.<\/p>\n","protected":false},"featured_media":19352,"comment_status":"closed","ping_status":"open","template":"","meta":[],"product_brand":[],"product_cat":[205470,260738,196284,196838,205507],"product_tag":[260381,15],"class_list":{"0":"post-5393011","1":"product","2":"type-product","3":"status-publish","4":"has-post-thumbnail","6":"product_cat-animaletti","7":"product_cat-figure-di-insetti","8":"product_cat-giochi","9":"product_cat-giochi-educativi","10":"product_cat-set-di-figure","11":"product_tag-20x17-cm","12":"product_tag-uncategorized","14":"first","15":"onbackorder","16":"purchasable","17":"product-type-simple"},"jetpack_sharing_enabled":true,"_links":{"self":[{"href":"https:\/\/gadgettravellers.eu\/it\/wp-json\/wp\/v2\/product\/5393011","targetHints":{"allow":["GET"]}}],"collection":[{"href":"https:\/\/gadgettravellers.eu\/it\/wp-json\/wp\/v2\/product"}],"about":[{"href":"https:\/\/gadgettravellers.eu\/it\/wp-json\/wp\/v2\/types\/product"}],"replies":[{"embeddable":true,"href":"https:\/\/gadgettravellers.eu\/it\/wp-json\/wp\/v2\/comments?post=5393011"}],"wp:featuredmedia":[{"embeddable":true,"href":"https:\/\/gadgettravellers.eu\/it\/wp-json\/wp\/v2\/media\/19352"}],"wp:attachment":[{"href":"https:\/\/gadgettravellers.eu\/it\/wp-json\/wp\/v2\/media?parent=5393011"}],"wp:term":[{"taxonomy":"product_brand","embeddable":true,"href":"https:\/\/gadgettravellers.eu\/it\/wp-json\/wp\/v2\/product_brand?post=5393011"},{"taxonomy":"product_cat","embeddable":true,"href":"https:\/\/gadgettravellers.eu\/it\/wp-json\/wp\/v2\/product_cat?post=5393011"},{"taxonomy":"product_tag","embeddable":true,"href":"https:\/\/gadgettravellers.eu\/it\/wp-json\/wp\/v2\/product_tag?post=5393011"}],"curies":[{"name":"wp","href":"https:\/\/api.w.org\/{rel}","templated":true}]}}