{"id":5393306,"date":"2026-04-25T20:26:34","date_gmt":"2026-04-25T18:26:34","guid":{"rendered":""},"modified":"2026-04-25T20:26:34","modified_gmt":"2026-04-25T18:26:34","slug":"orologio-da-polso-analogico-skmei-9236-nero-argento","status":"publish","type":"product","link":"https:\/\/gadgettravellers.eu\/it\/shop\/orologio-da-polso-analogico-skmei-9236-nero-argento\/","title":{"rendered":"Orologio da polso analogico &#8211; Skmei &#8211; 9236 &#8211; Nero\/Argento"},"content":{"rendered":"<p>Orologio da polso analogico Skmei con design eccezionale e stile che si adatta a ogni gusto e umore. <br \/>Caratteristiche: <br \/>Vestibilit\u00e0 confortevole <br \/>Resistenza all&#8217;umidit\u00e0 <br \/>Coperchio della batteria in acciaio inossidabile, <br \/>Cinturino in pelle sintetica goffrata, <br \/>Lunghezza cinturino: 20cm <br \/>Diametro quadrante: 40mm.<\/p>\n<div class='aiseo-faq-section' style='margin-top:30px; border-top:1px solid #eee; padding-top:20px;'>\n<h3>Domande Frequenti<\/h3>\n<details style='margin-bottom:10px; padding:10px; background:#f9f9f9; border-radius:5px;'>\n<summary style='font-weight:bold; cursor:pointer;'>Di che materiale \u00e8 il cinturino?<\/summary>\n<div style='margin-top:10px; color:#555;'>Il cinturino \u00e8 in similpelle goffrata.<\/div>\n<\/details>\n<details style='margin-bottom:10px; padding:10px; background:#f9f9f9; border-radius:5px;'>\n<summary style='font-weight:bold; cursor:pointer;'>Qual \u00e8 la lunghezza del cinturino?<\/summary>\n<div style='margin-top:10px; color:#555;'>La lunghezza del cinturino \u00e8 di 20 cm.<\/div>\n<\/details>\n<details style='margin-bottom:10px; padding:10px; background:#f9f9f9; border-radius:5px;'>\n<summary style='font-weight:bold; cursor:pointer;'>Qual \u00e8 il diametro del quadrante?<\/summary>\n<div style='margin-top:10px; color:#555;'>Il diametro del quadrante \u00e8 di 40 mm.<\/div>\n<\/details>\n<details style='margin-bottom:10px; padding:10px; background:#f9f9f9; border-radius:5px;'>\n<summary style='font-weight:bold; cursor:pointer;'>Di che materiale \u00e8 fatto il coperchio della batteria?<\/summary>\n<div style='margin-top:10px; color:#555;'>Il coperchio della batteria \u00e8 in acciaio inossidabile.<\/div>\n<\/details>\n<details style='margin-bottom:10px; padding:10px; background:#f9f9f9; border-radius:5px;'>\n<summary style='font-weight:bold; cursor:pointer;'>\u00c8 resistente all&#8217;umidit\u00e0?<\/summary>\n<div style='margin-top:10px; color:#555;'>S\u00ec, si afferma che \u00e8 resistente all&#8217;umidit\u00e0.<\/div>\n<\/details>\n<\/div>\n","protected":false},"excerpt":{"rendered":"<p>Orologio da polso analogico Skmei 9236 con elegante quadrante nero-argento e cinturino in pelle sintetica goffrata. Diametro del quadrante 40 mm, lunghezza del cinturino 20 cm, resistente all&#8217;umidit\u00e0 e coperchio della batteria in acciaio inossidabile.<\/p>\n","protected":false},"featured_media":5393284,"comment_status":"open","ping_status":"open","template":"","meta":[],"product_brand":[],"product_cat":[196880,260881,196978,196980,259993],"product_tag":[178835,180006,225322],"class_list":{"0":"post-5393306","1":"product","2":"type-product","3":"status-publish","4":"has-post-thumbnail","6":"product_cat-orologi","7":"product_cat-orologi-con-cinturino-in-ecopelle","8":"product_cat-orologi-da-polso","9":"product_cat-orologi-da-polso-analogici","10":"product_cat-orologi-resistenti-allumidita","11":"product_tag-20cm","12":"product_tag-40mm","13":"product_tag-skmei-9236","15":"first","16":"onbackorder","17":"purchasable","18":"product-type-simple"},"jetpack_sharing_enabled":true,"_links":{"self":[{"href":"https:\/\/gadgettravellers.eu\/it\/wp-json\/wp\/v2\/product\/5393306","targetHints":{"allow":["GET"]}}],"collection":[{"href":"https:\/\/gadgettravellers.eu\/it\/wp-json\/wp\/v2\/product"}],"about":[{"href":"https:\/\/gadgettravellers.eu\/it\/wp-json\/wp\/v2\/types\/product"}],"replies":[{"embeddable":true,"href":"https:\/\/gadgettravellers.eu\/it\/wp-json\/wp\/v2\/comments?post=5393306"}],"wp:featuredmedia":[{"embeddable":true,"href":"https:\/\/gadgettravellers.eu\/it\/wp-json\/wp\/v2\/media\/5393284"}],"wp:attachment":[{"href":"https:\/\/gadgettravellers.eu\/it\/wp-json\/wp\/v2\/media?parent=5393306"}],"wp:term":[{"taxonomy":"product_brand","embeddable":true,"href":"https:\/\/gadgettravellers.eu\/it\/wp-json\/wp\/v2\/product_brand?post=5393306"},{"taxonomy":"product_cat","embeddable":true,"href":"https:\/\/gadgettravellers.eu\/it\/wp-json\/wp\/v2\/product_cat?post=5393306"},{"taxonomy":"product_tag","embeddable":true,"href":"https:\/\/gadgettravellers.eu\/it\/wp-json\/wp\/v2\/product_tag?post=5393306"}],"curies":[{"name":"wp","href":"https:\/\/api.w.org\/{rel}","templated":true}]}}