{"id":5393311,"date":"2026-04-25T20:26:38","date_gmt":"2026-04-25T18:26:38","guid":{"rendered":""},"modified":"2026-05-05T05:33:47","modified_gmt":"2026-05-05T03:33:47","slug":"frullatore-3in1-kj2020-dsp-564599-nero","status":"publish","type":"product","link":"https:\/\/gadgettravellers.eu\/it\/shop\/frullatore-3in1-kj2020-dsp-564599-nero\/","title":{"rendered":"Frullatore &#8211; 3in1 &#8211; KJ2020 &#8211; DSP &#8211; 564599 &#8211; Nero"},"content":{"rendered":"<p>Frullatore ad alta potenza, con 3 diversi tipi di contenitori e accessori, multifunzionale e facile da usare, che soddisfer\u00e0 ogni vostra esigenza. Include un contenitore-brocca, un contenitore-bicchiere che pu\u00f2 essere utilizzato anche come borraccia portatile per le vostre attivit\u00e0 sportive e un mini contenitore grinder.<\/p>\n<p>Caratteristiche: <br \/>Tensione: 220-240V,50\/60HZ, <br \/>Potenza: 250W, <br \/>Lame tipo S, <br \/>2 velocit\u00e0 con funzione a impulsi <br \/>Capacit\u00e0 brocca 1,5L con dosatore, <br \/>Capacit\u00e0 contenitore-bicchiere 500ml, <br \/>Componenti rimovibili e lavabili, <br \/>Dimensioni dispositivo: 15x38cm, <br \/>Dimensioni confezione: 40x20x27,5cm<\/p>\n<p>Include istruzioni in inglese e cinese.<\/p>\n<div class='aiseo-faq-section' style='margin-top:30px; border-top:1px solid #eee; padding-top:20px;'>\n<h3>Domande Frequenti<\/h3>\n<details style='margin-bottom:10px; padding:10px; background:#f9f9f9; border-radius:5px;'>\n<summary style='font-weight:bold; cursor:pointer;'>Qual \u00e8 la potenza e le tensioni di funzionamento?<\/summary>\n<div style='margin-top:10px; color:#555;'>Funziona a 220\u2013240V, 50\/60Hz con una potenza di 250W.<\/div>\n<\/details>\n<details style='margin-bottom:10px; padding:10px; background:#f9f9f9; border-radius:5px;'>\n<summary style='font-weight:bold; cursor:pointer;'>Quali contenitori sono inclusi e quali sono le capacit\u00e0?<\/summary>\n<div style='margin-top:10px; color:#555;'>Sono inclusi un contenitore-brocca da 1,5L con dosatore, un contenitore-bicchiere da 500ml (borraccia portatile) e un mini contenitore grinder.<\/div>\n<\/details>\n<details style='margin-bottom:10px; padding:10px; background:#f9f9f9; border-radius:5px;'>\n<summary style='font-weight:bold; cursor:pointer;'>Quante velocit\u00e0 e funzioni ha?<\/summary>\n<div style='margin-top:10px; color:#555;'>Dispone di 2 velocit\u00e0 e funzione a impulsi (pulse).<\/div>\n<\/details>\n<details style='margin-bottom:10px; padding:10px; background:#f9f9f9; border-radius:5px;'>\n<summary style='font-weight:bold; cursor:pointer;'>I componenti possono essere lavati?<\/summary>\n<div style='margin-top:10px; color:#555;'>Le parti staccabili sono lavabili per una facile pulizia.<\/div>\n<\/details>\n<\/div>\n","protected":false},"excerpt":{"rendered":"<p>Frullatore multifunzione 3-in-1 con potenza di 250W, contenitore a brocca da 1,5L, bicchiere portatile da 500ml e mini tritatutto \u2014 componenti smontabili e lavabili per una facile pulizia.<\/p>\n","protected":false},"featured_media":5393292,"comment_status":"open","ping_status":"open","template":"","meta":[],"product_brand":[],"product_cat":[164603,196293,194636,260882,260883,260884],"product_tag":[181840,206529,174548,207027,178923,223062,181234],"class_list":{"0":"post-5393311","1":"product","2":"type-product","3":"status-publish","4":"has-post-thumbnail","6":"product_cat-articoli-per-la-casa","7":"product_cat-casa-animale-domestico","8":"product_cat-elettrodomestici","9":"product_cat-frullatore-3-in-1","10":"product_cat-frullatori-da-tavolo","11":"product_cat-macchine-per-la-macinazione-da-cucina","12":"product_tag-1-5l","13":"product_tag-206529","14":"product_tag-250w","15":"product_tag-3-1","16":"product_tag-500ml","17":"product_tag-grinder","18":"product_tag-s-type","20":"first","21":"onbackorder","22":"purchasable","23":"product-type-simple"},"jetpack_sharing_enabled":true,"_links":{"self":[{"href":"https:\/\/gadgettravellers.eu\/it\/wp-json\/wp\/v2\/product\/5393311","targetHints":{"allow":["GET"]}}],"collection":[{"href":"https:\/\/gadgettravellers.eu\/it\/wp-json\/wp\/v2\/product"}],"about":[{"href":"https:\/\/gadgettravellers.eu\/it\/wp-json\/wp\/v2\/types\/product"}],"replies":[{"embeddable":true,"href":"https:\/\/gadgettravellers.eu\/it\/wp-json\/wp\/v2\/comments?post=5393311"}],"wp:featuredmedia":[{"embeddable":true,"href":"https:\/\/gadgettravellers.eu\/it\/wp-json\/wp\/v2\/media\/5393292"}],"wp:attachment":[{"href":"https:\/\/gadgettravellers.eu\/it\/wp-json\/wp\/v2\/media?parent=5393311"}],"wp:term":[{"taxonomy":"product_brand","embeddable":true,"href":"https:\/\/gadgettravellers.eu\/it\/wp-json\/wp\/v2\/product_brand?post=5393311"},{"taxonomy":"product_cat","embeddable":true,"href":"https:\/\/gadgettravellers.eu\/it\/wp-json\/wp\/v2\/product_cat?post=5393311"},{"taxonomy":"product_tag","embeddable":true,"href":"https:\/\/gadgettravellers.eu\/it\/wp-json\/wp\/v2\/product_tag?post=5393311"}],"curies":[{"name":"wp","href":"https:\/\/api.w.org\/{rel}","templated":true}]}}