{"id":5394106,"date":"2026-05-05T05:34:48","date_gmt":"2026-05-05T03:34:48","guid":{"rendered":""},"modified":"2026-05-05T05:34:49","modified_gmt":"2026-05-05T03:34:49","slug":"set-auto-jeep-off-road-9816-15-232893","status":"publish","type":"product","link":"https:\/\/gadgettravellers.eu\/it\/shop\/set-auto-jeep-off-road-9816-15-232893\/","title":{"rendered":"Set auto Jeep Off Road &#8211; 9816-15 &#8211; 232893"},"content":{"rendered":"<p>Set di 2 macchinine con disegni colorati impressionanti, con costruzione particolarmente resistente e Pull Back, per velocit\u00e0 entusiasmanti!<\/p>\n<p>Dimensioni della confezione: 36 x 10,5 x 10 cm.<\/p>\n<p>Conforme a tutte le norme di sicurezza. Adatto a bambini di et\u00e0 superiore ai 3 anni.<\/p>\n<div class='aiseo-faq-section' style='margin-top:30px; border-top:1px solid #eee; padding-top:20px;'>\n<h3>Domande Frequenti<\/h3>\n<details style='margin-bottom:10px; padding:10px; background:#f9f9f9; border-radius:5px;'>\n<summary style='font-weight:bold; cursor:pointer;'>Per quale et\u00e0 \u00e8 adatto il set?<\/summary>\n<div style='margin-top:10px; color:#555;'>Adatto a bambini di et\u00e0 superiore ai 3 anni.<\/div>\n<\/details>\n<details style='margin-bottom:10px; padding:10px; background:#f9f9f9; border-radius:5px;'>\n<summary style='font-weight:bold; cursor:pointer;'>Che tipo di meccanismo di movimento hanno le automobili?<\/summary>\n<div style='margin-top:10px; color:#555;'>Dispongono di un meccanismo Pull Back per il movimento senza batterie.<\/div>\n<\/details>\n<details style='margin-bottom:10px; padding:10px; background:#f9f9f9; border-radius:5px;'>\n<summary style='font-weight:bold; cursor:pointer;'>Quanti pezzi include il set?<\/summary>\n<div style='margin-top:10px; color:#555;'>Include 2 automobili.<\/div>\n<\/details>\n<details style='margin-bottom:10px; padding:10px; background:#f9f9f9; border-radius:5px;'>\n<summary style='font-weight:bold; cursor:pointer;'>Quali sono le dimensioni della confezione?<\/summary>\n<div style='margin-top:10px; color:#555;'>Dimensioni della confezione: 36 x 10,5 x 10 cm.<\/div>\n<\/details>\n<details style='margin-bottom:10px; padding:10px; background:#f9f9f9; border-radius:5px;'>\n<summary style='font-weight:bold; cursor:pointer;'>\u00c8 conforme agli standard di sicurezza?<\/summary>\n<div style='margin-top:10px; color:#555;'>S\u00ec, soddisfa tutti gli standard di sicurezza.<\/div>\n<\/details>\n<\/div>\n","protected":false},"excerpt":{"rendered":"<p>Set di 2 auto tipo jeep con disegni colorati, costruzione resistente e meccanismo Pull Back per velocit\u00e0 entusiasmanti. Adatto per bambini da 3 anni in su, confezione 36\u00d710.5\u00d710 cm.<\/p>\n","protected":false},"featured_media":5394033,"comment_status":"closed","ping_status":"open","template":"","meta":[],"product_brand":[],"product_cat":[196628,196284,201312,258778,203653],"product_tag":[206529,207163,177300,183667,118871],"class_list":{"0":"post-5394106","1":"product","2":"type-product","3":"status-publish","4":"has-post-thumbnail","6":"product_cat-auto-e-piste","7":"product_cat-giochi","8":"product_cat-giochi-per-bambini-da-3-anni","9":"product_cat-set-di-automobili","10":"product_cat-veicoli-pull-back","11":"product_tag-206529","12":"product_tag-207163","13":"product_tag-a","14":"product_tag-off-road","15":"product_tag-pull-back","17":"first","18":"onbackorder","19":"purchasable","20":"product-type-simple"},"jetpack_sharing_enabled":true,"_links":{"self":[{"href":"https:\/\/gadgettravellers.eu\/it\/wp-json\/wp\/v2\/product\/5394106","targetHints":{"allow":["GET"]}}],"collection":[{"href":"https:\/\/gadgettravellers.eu\/it\/wp-json\/wp\/v2\/product"}],"about":[{"href":"https:\/\/gadgettravellers.eu\/it\/wp-json\/wp\/v2\/types\/product"}],"replies":[{"embeddable":true,"href":"https:\/\/gadgettravellers.eu\/it\/wp-json\/wp\/v2\/comments?post=5394106"}],"wp:featuredmedia":[{"embeddable":true,"href":"https:\/\/gadgettravellers.eu\/it\/wp-json\/wp\/v2\/media\/5394033"}],"wp:attachment":[{"href":"https:\/\/gadgettravellers.eu\/it\/wp-json\/wp\/v2\/media?parent=5394106"}],"wp:term":[{"taxonomy":"product_brand","embeddable":true,"href":"https:\/\/gadgettravellers.eu\/it\/wp-json\/wp\/v2\/product_brand?post=5394106"},{"taxonomy":"product_cat","embeddable":true,"href":"https:\/\/gadgettravellers.eu\/it\/wp-json\/wp\/v2\/product_cat?post=5394106"},{"taxonomy":"product_tag","embeddable":true,"href":"https:\/\/gadgettravellers.eu\/it\/wp-json\/wp\/v2\/product_tag?post=5394106"}],"curies":[{"name":"wp","href":"https:\/\/api.w.org\/{rel}","templated":true}]}}