{"id":67839,"date":"2025-03-12T01:56:27","date_gmt":"2025-03-11T23:56:27","guid":{"rendered":"https:\/\/gadgettravellers.eu\/shop\/zingari-balsamo-barba-the-navigator-42gr\/"},"modified":"2025-03-12T01:56:27","modified_gmt":"2025-03-11T23:56:27","slug":"zingari-balsamo-barba-the-navigator-42gr","status":"publish","type":"product","link":"https:\/\/gadgettravellers.eu\/it\/shop\/zingari-balsamo-barba-the-navigator-42gr\/","title":{"rendered":"Zingari balsamo barba The Navigator 42gr"},"content":{"rendered":"<h2>Zingari balsamo barba The Navigator 42gr<\/h2>\n<p>Il balsamo barba di Zingari Man \u00e8 realizzato con cera d&#8217;api naturale con l&#8217;aggiunta di Burro di Karit\u00e9. Questo prodotto \u00e8 un ottimo strumento da portare sempce con s\u00e9 per mantenere la barba profumata e sempre in ordine.<\/p>\n<p><strong>Piramide olfattiva<\/strong><br \/>\nNote di testa: Bergamotto, Frutti di Bosco, Ozonica, Acqua, Limone<br \/>\nNote di cuore: Erba, Ozonica, Mughetto, Gelsomino<br \/>\nNote di fondo: Ambra grigia, Muschio, Legni, Verde<\/p>\n<p><strong>Utilizzo<\/strong>: Scaldare tra le mani una piccola quantit\u00e0 di prodotto e applicarlo su tutta la lunghezza della barba.<\/p>\n<p><strong>Ingredients<\/strong>: Caprylic\/Capric Triglyceride, Argania Spinosa (Argan) Kernel Oil, Limnanthes Alba Seed (Meadowfoam) Oil, Simmondsia Chinensis (Jojoba) Oil, Avena Sativa (Oat) Oil, Parfum (Fragrance), Lauryl Laurate, Myrica Cerifera (Bayberry) Fruit Wax, Tocopheryl Acetate, Geraniol, Citral<\/p>\n<p>Formato: 42gr<br \/>\nMade in USA<\/p>\n<p>EAN Code: 850027385471<\/p>\n<p>Zingari Man<\/p>\n<p>Zingari balsamo barba The Navigator 42gr<\/p>\n<p><strong>Disponibile su ordinazione!<\/strong> Effettua il tuo ordine ora e ricevilo entro <strong>3-10 giorni<\/strong>. Assicurati il tuo prima che si esaurisca di nuovo!<\/p>\n","protected":false},"excerpt":{"rendered":"<p><strong>Disponibile su ordinazione!<\/strong> Effettua il tuo ordine ora e ricevilo entro <strong>3-10 giorni<\/strong>. Assicurati il tuo prima che si esaurisca di nuovo!<\/p>\n","protected":false},"featured_media":0,"comment_status":"open","ping_status":"closed","template":"","meta":[],"product_brand":[],"product_cat":[],"product_tag":[],"class_list":{"0":"post-67839","1":"product","2":"type-product","3":"status-publish","6":"first","7":"instock","8":"taxable","9":"shipping-taxable","10":"product-type-simple"},"jetpack_sharing_enabled":true,"_links":{"self":[{"href":"https:\/\/gadgettravellers.eu\/it\/wp-json\/wp\/v2\/product\/67839","targetHints":{"allow":["GET"]}}],"collection":[{"href":"https:\/\/gadgettravellers.eu\/it\/wp-json\/wp\/v2\/product"}],"about":[{"href":"https:\/\/gadgettravellers.eu\/it\/wp-json\/wp\/v2\/types\/product"}],"replies":[{"embeddable":true,"href":"https:\/\/gadgettravellers.eu\/it\/wp-json\/wp\/v2\/comments?post=67839"}],"wp:attachment":[{"href":"https:\/\/gadgettravellers.eu\/it\/wp-json\/wp\/v2\/media?parent=67839"}],"wp:term":[{"taxonomy":"product_brand","embeddable":true,"href":"https:\/\/gadgettravellers.eu\/it\/wp-json\/wp\/v2\/product_brand?post=67839"},{"taxonomy":"product_cat","embeddable":true,"href":"https:\/\/gadgettravellers.eu\/it\/wp-json\/wp\/v2\/product_cat?post=67839"},{"taxonomy":"product_tag","embeddable":true,"href":"https:\/\/gadgettravellers.eu\/it\/wp-json\/wp\/v2\/product_tag?post=67839"}],"curies":[{"name":"wp","href":"https:\/\/api.w.org\/{rel}","templated":true}]}}